{"id":50334,"date":"2020-05-18T15:38:48","date_gmt":"2020-05-18T13:38:48","guid":{"rendered":"https:\/\/test400.fabrykastron.com\/au-sujet-de-la-societe\/"},"modified":"2020-08-31T15:00:55","modified_gmt":"2020-08-31T13:00:55","slug":"au-sujet-de-la-societe","status":"publish","type":"page","link":"https:\/\/hansa-rent.pl\/fr\/au-sujet-de-la-societe\/","title":{"rendered":"Au sujet de la soci\u00e9t\u00e9"},"content":{"rendered":"<p>[et_pb_section fb_built=\u00a0\u00bb1&Prime; _builder_version=\u00a0\u00bb4.6.0&Prime; background_enable_color=\u00a0\u00bboff\u00a0\u00bb use_background_color_gradient=\u00a0\u00bbon\u00a0\u00bb background_color_gradient_start=\u00a0\u00bb#0060AA\u00a0\u00bb background_color_gradient_end=\u00a0\u00bbrgba(0,96,170,0.79)\u00a0\u00bb background_color_gradient_overlays_image=\u00a0\u00bbon\u00a0\u00bb background_image=\u00a0\u00bbhttps:\/\/hansa-rent.pl\/wp-content\/uploads\/revslider\/slider-1-1\/hansa01.jpg\u00a0\u00bb background_position=\u00a0\u00bbbottom_center\u00a0\u00bb animation_style=\u00a0\u00bbslide\u00a0\u00bb hover_enabled=\u00a0\u00bb0&Prime; sticky_enabled=\u00a0\u00bb0&Prime;][et_pb_row use_custom_gutter=\u00a0\u00bbon\u00a0\u00bb gutter_width=\u00a0\u00bb2&Prime; _builder_version=\u00a0\u00bb4.4.1&Prime; custom_padding=\u00a0\u00bb76px|0px|76px|0px|false|false\u00a0\u00bb][et_pb_column type=\u00a0\u00bb4_4&Prime; _builder_version=\u00a0\u00bb3.25&Prime; custom_padding=\u00a0\u00bb|||\u00a0\u00bb custom_padding__hover=\u00a0\u00bb|||\u00a0\u00bb][et_pb_text _builder_version=\u00a0\u00bb4.4.1&Prime; header_font=\u00a0\u00bb|600|||||||\u00a0\u00bb header_text_align=\u00a0\u00bbcenter\u00a0\u00bb header_text_color=\u00a0\u00bb#ffffff\u00a0\u00bb header_font_size=\u00a0\u00bb38px\u00a0\u00bb]<\/p>\n<h1>Au sujet de la soci\u00e9t\u00e9<\/h1>\n<p>[\/et_pb_text][\/et_pb_column][\/et_pb_row][\/et_pb_section][et_pb_section fb_built=\u00a0\u00bb1&Prime; _builder_version=\u00a0\u00bb4.6.0&Prime; hover_enabled=\u00a0\u00bb0&Prime; animation_style=\u00a0\u00bbslide\u00a0\u00bb sticky_enabled=\u00a0\u00bb0&Prime;][et_pb_row _builder_version=\u00a0\u00bb4.4.1&Prime;][et_pb_column type=\u00a0\u00bb4_4&Prime; _builder_version=\u00a0\u00bb4.4.1&Prime;][et_pb_text _builder_version=\u00a0\u00bb4.4.7&Prime; text_font_size=\u00a0\u00bb18px\u00a0\u00bb text_line_height=\u00a0\u00bb1.8em\u00a0\u00bb]<\/p>\n<p style=\"text-align: justify;\">Hansa Rent est une extension de l&rsquo;offre de <a href=\"https:\/\/hansa-europe.com\/\">Hansa S.A.<\/a> comprenant la location de machines fabriquement neuves et d&rsquo;occasion. Nous fournissons des services non seulement en Pologne, mais aussi dans d&rsquo;autres pays europ\u00e9ens. En se basant sur plus de 20 ans d&rsquo;exp\u00e9rience de Hansa S.A., nous connaissons bien les besoins d&rsquo;un march\u00e9 en constante \u00e9volution. En utilisant la vaste base d&rsquo;\u00e9quipements, nous pouvons r\u00e9pondre aux attentes des clients, m\u00eame les plus exigeants.<\/p>\n<p>[\/et_pb_text][\/et_pb_column][\/et_pb_row][\/et_pb_section]<\/p>\n","protected":false},"excerpt":{"rendered":"<p>Au sujet de la soci\u00e9t\u00e9Hansa Rent est une extension de l&rsquo;offre de Hansa S.A. comprenant la location de machines fabriquement neuves et d&rsquo;occasion. Nous fournissons des services non seulement en Pologne, mais aussi dans d&rsquo;autres pays europ\u00e9ens. En se basant sur plus de 20 ans d&rsquo;exp\u00e9rience de Hansa S.A., nous connaissons bien les besoins d&rsquo;un [&hellip;]<\/p>\n","protected":false},"author":3,"featured_media":0,"parent":0,"menu_order":0,"comment_status":"closed","ping_status":"closed","template":"","meta":{"_et_pb_use_builder":"on","_et_pb_old_content":"","_et_gb_content_width":""},"yoast_head":"<!-- This site is optimized with the Yoast SEO Premium plugin v20.1 (Yoast SEO v20.9) - https:\/\/yoast.com\/wordpress\/plugins\/seo\/ -->\n<title>Au sujet de la soci\u00e9t\u00e9 - Hansa Rent<\/title>\n<meta name=\"robots\" content=\"index, follow, max-snippet:-1, max-image-preview:large, max-video-preview:-1\" \/>\n<link rel=\"canonical\" href=\"https:\/\/hansa-rent.pl\/fr\/au-sujet-de-la-societe\/\" \/>\n<meta property=\"og:locale\" content=\"fr_FR\" \/>\n<meta property=\"og:type\" content=\"article\" \/>\n<meta property=\"og:title\" content=\"Au sujet de la soci\u00e9t\u00e9\" \/>\n<meta property=\"og:description\" content=\"Au sujet de la soci\u00e9t\u00e9Hansa Rent est une extension de l&#039;offre de Hansa S.A. comprenant la location de machines fabriquement neuves et d&#039;occasion. Nous fournissons des services non seulement en Pologne, mais aussi dans d&#039;autres pays europ\u00e9ens. En se basant sur plus de 20 ans d&#039;exp\u00e9rience de Hansa S.A., nous connaissons bien les besoins d&#039;un [&hellip;]\" \/>\n<meta property=\"og:url\" content=\"https:\/\/hansa-rent.pl\/fr\/au-sujet-de-la-societe\/\" \/>\n<meta property=\"og:site_name\" content=\"Hansa Rent\" \/>\n<meta property=\"article:modified_time\" content=\"2020-08-31T13:00:55+00:00\" \/>\n<meta name=\"twitter:card\" content=\"summary_large_image\" \/>\n<meta name=\"twitter:label1\" content=\"Dur\u00e9e de lecture estim\u00e9e\" \/>\n\t<meta name=\"twitter:data1\" content=\"1 minute\" \/>\n<script type=\"application\/ld+json\" class=\"yoast-schema-graph\">{\"@context\":\"https:\/\/schema.org\",\"@graph\":[{\"@type\":\"WebPage\",\"@id\":\"https:\/\/hansa-rent.pl\/fr\/au-sujet-de-la-societe\/\",\"url\":\"https:\/\/hansa-rent.pl\/fr\/au-sujet-de-la-societe\/\",\"name\":\"Au sujet de la soci\u00e9t\u00e9 - Hansa Rent\",\"isPartOf\":{\"@id\":\"https:\/\/hansa-rent.pl\/es\/#website\"},\"datePublished\":\"2020-05-18T13:38:48+00:00\",\"dateModified\":\"2020-08-31T13:00:55+00:00\",\"breadcrumb\":{\"@id\":\"https:\/\/hansa-rent.pl\/fr\/au-sujet-de-la-societe\/#breadcrumb\"},\"inLanguage\":\"fr-FR\",\"potentialAction\":[{\"@type\":\"ReadAction\",\"target\":[\"https:\/\/hansa-rent.pl\/fr\/au-sujet-de-la-societe\/\"]}]},{\"@type\":\"BreadcrumbList\",\"@id\":\"https:\/\/hansa-rent.pl\/fr\/au-sujet-de-la-societe\/#breadcrumb\",\"itemListElement\":[{\"@type\":\"ListItem\",\"position\":1,\"name\":\"Home\",\"item\":\"https:\/\/hansa-rent.pl\/\"},{\"@type\":\"ListItem\",\"position\":2,\"name\":\"Au sujet de la soci\u00e9t\u00e9\"}]},{\"@type\":\"WebSite\",\"@id\":\"https:\/\/hansa-rent.pl\/es\/#website\",\"url\":\"https:\/\/hansa-rent.pl\/es\/\",\"name\":\"Hansa Rent\",\"description\":\"Wynajem pomp do betonu, pompogruszek, betonomieszarek\",\"potentialAction\":[{\"@type\":\"SearchAction\",\"target\":{\"@type\":\"EntryPoint\",\"urlTemplate\":\"https:\/\/hansa-rent.pl\/es\/?s={search_term_string}\"},\"query-input\":\"required name=search_term_string\"}],\"inLanguage\":\"fr-FR\"},{\"@type\":\"ImageObject\",\"inLanguage\":\"fr-FR\",\"@id\":\"https:\/\/hansa-rent.pl\/fr\/au-sujet-de-la-societe\/#local-main-organization-logo\",\"url\":\"\",\"contentUrl\":\"\",\"caption\":\"Hansa Rent sp. z o.o.\"}]}<\/script>\n<!-- \/ Yoast SEO Premium plugin. -->","yoast_head_json":{"title":"Au sujet de la soci\u00e9t\u00e9 - Hansa Rent","robots":{"index":"index","follow":"follow","max-snippet":"max-snippet:-1","max-image-preview":"max-image-preview:large","max-video-preview":"max-video-preview:-1"},"canonical":"https:\/\/hansa-rent.pl\/fr\/au-sujet-de-la-societe\/","og_locale":"fr_FR","og_type":"article","og_title":"Au sujet de la soci\u00e9t\u00e9","og_description":"Au sujet de la soci\u00e9t\u00e9Hansa Rent est une extension de l'offre de Hansa S.A. comprenant la location de machines fabriquement neuves et d'occasion. Nous fournissons des services non seulement en Pologne, mais aussi dans d'autres pays europ\u00e9ens. En se basant sur plus de 20 ans d'exp\u00e9rience de Hansa S.A., nous connaissons bien les besoins d'un [&hellip;]","og_url":"https:\/\/hansa-rent.pl\/fr\/au-sujet-de-la-societe\/","og_site_name":"Hansa Rent","article_modified_time":"2020-08-31T13:00:55+00:00","twitter_card":"summary_large_image","twitter_misc":{"Dur\u00e9e de lecture estim\u00e9e":"1 minute"},"schema":{"@context":"https:\/\/schema.org","@graph":[{"@type":"WebPage","@id":"https:\/\/hansa-rent.pl\/fr\/au-sujet-de-la-societe\/","url":"https:\/\/hansa-rent.pl\/fr\/au-sujet-de-la-societe\/","name":"Au sujet de la soci\u00e9t\u00e9 - Hansa Rent","isPartOf":{"@id":"https:\/\/hansa-rent.pl\/es\/#website"},"datePublished":"2020-05-18T13:38:48+00:00","dateModified":"2020-08-31T13:00:55+00:00","breadcrumb":{"@id":"https:\/\/hansa-rent.pl\/fr\/au-sujet-de-la-societe\/#breadcrumb"},"inLanguage":"fr-FR","potentialAction":[{"@type":"ReadAction","target":["https:\/\/hansa-rent.pl\/fr\/au-sujet-de-la-societe\/"]}]},{"@type":"BreadcrumbList","@id":"https:\/\/hansa-rent.pl\/fr\/au-sujet-de-la-societe\/#breadcrumb","itemListElement":[{"@type":"ListItem","position":1,"name":"Home","item":"https:\/\/hansa-rent.pl\/"},{"@type":"ListItem","position":2,"name":"Au sujet de la soci\u00e9t\u00e9"}]},{"@type":"WebSite","@id":"https:\/\/hansa-rent.pl\/es\/#website","url":"https:\/\/hansa-rent.pl\/es\/","name":"Hansa Rent","description":"Wynajem pomp do betonu, pompogruszek, betonomieszarek","potentialAction":[{"@type":"SearchAction","target":{"@type":"EntryPoint","urlTemplate":"https:\/\/hansa-rent.pl\/es\/?s={search_term_string}"},"query-input":"required name=search_term_string"}],"inLanguage":"fr-FR"},{"@type":"ImageObject","inLanguage":"fr-FR","@id":"https:\/\/hansa-rent.pl\/fr\/au-sujet-de-la-societe\/#local-main-organization-logo","url":"","contentUrl":"","caption":"Hansa Rent sp. z o.o."}]}},"_links":{"self":[{"href":"https:\/\/hansa-rent.pl\/fr\/wp-json\/wp\/v2\/pages\/50334"}],"collection":[{"href":"https:\/\/hansa-rent.pl\/fr\/wp-json\/wp\/v2\/pages"}],"about":[{"href":"https:\/\/hansa-rent.pl\/fr\/wp-json\/wp\/v2\/types\/page"}],"author":[{"embeddable":true,"href":"https:\/\/hansa-rent.pl\/fr\/wp-json\/wp\/v2\/users\/3"}],"replies":[{"embeddable":true,"href":"https:\/\/hansa-rent.pl\/fr\/wp-json\/wp\/v2\/comments?post=50334"}],"version-history":[{"count":0,"href":"https:\/\/hansa-rent.pl\/fr\/wp-json\/wp\/v2\/pages\/50334\/revisions"}],"wp:attachment":[{"href":"https:\/\/hansa-rent.pl\/fr\/wp-json\/wp\/v2\/media?parent=50334"}],"curies":[{"name":"wp","href":"https:\/\/api.w.org\/{rel}","templated":true}]}}