{"id":50338,"date":"2020-05-18T15:47:30","date_gmt":"2020-05-18T13:47:30","guid":{"rendered":"https:\/\/test400.fabrykastron.com\/quienes-somos\/"},"modified":"2020-08-31T15:05:34","modified_gmt":"2020-08-31T13:05:34","slug":"quienes-somos","status":"publish","type":"page","link":"https:\/\/hansa-rent.pl\/es\/quienes-somos\/","title":{"rendered":"\u00bfQui\u00e9nes somos?"},"content":{"rendered":"<p>[et_pb_section fb_built=\u00bb1&#8243; _builder_version=\u00bb4.6.0&#8243; background_enable_color=\u00bboff\u00bb use_background_color_gradient=\u00bbon\u00bb background_color_gradient_start=\u00bb#0060AA\u00bb background_color_gradient_end=\u00bbrgba(0,96,170,0.79)\u00bb background_color_gradient_overlays_image=\u00bbon\u00bb background_image=\u00bbhttps:\/\/hansa-rent.pl\/wp-content\/uploads\/revslider\/slider-1-1\/hansa01.jpg\u00bb background_position=\u00bbbottom_center\u00bb animation_style=\u00bbslide\u00bb hover_enabled=\u00bb0&#8243; sticky_enabled=\u00bb0&#8243;][et_pb_row use_custom_gutter=\u00bbon\u00bb gutter_width=\u00bb2&#8243; _builder_version=\u00bb4.4.1&#8243; custom_padding=\u00bb76px|0px|76px|0px|false|false\u00bb][et_pb_column type=\u00bb4_4&#8243; _builder_version=\u00bb3.25&#8243; custom_padding=\u00bb|||\u00bb custom_padding__hover=\u00bb|||\u00bb][et_pb_text _builder_version=\u00bb4.4.1&#8243; header_font=\u00bb|600|||||||\u00bb header_text_align=\u00bbcenter\u00bb header_text_color=\u00bb#ffffff\u00bb header_font_size=\u00bb38px\u00bb]<\/p>\n<h1>\u00bfQui\u00e9nes somos?<\/h1>\n<p>[\/et_pb_text][\/et_pb_column][\/et_pb_row][\/et_pb_section][et_pb_section fb_built=\u00bb1&#8243; _builder_version=\u00bb4.6.0&#8243; hover_enabled=\u00bb0&#8243; animation_style=\u00bbslide\u00bb sticky_enabled=\u00bb0&#8243;][et_pb_row _builder_version=\u00bb4.4.1&#8243;][et_pb_column type=\u00bb4_4&#8243; _builder_version=\u00bb4.4.1&#8243;][et_pb_text _builder_version=\u00bb4.4.7&#8243; text_font_size=\u00bb18px\u00bb text_line_height=\u00bb1.8em\u00bb]<\/p>\n<p style=\"text-align: justify;\">Hansa Rent es una amplia oferta de <a href=\"https:\/\/hansa-europe.com\/\">Hansa S.A.<\/a> que incluye el alquiler de maquinaria nueva y usada. Prestamos nuestros servicios no s\u00f3lo en Polonia, sino tambi\u00e9n en otros pa\u00edses de Europa. Los m\u00e1s de 20 a\u00f1os de experiencia de la empresa Hansa S.A. nos permiten conocer bien las necesidades de un mercado en constante cambio. Con nuestra amplia gama de m\u00e1quinas podemos satisfacer las expectativas de los clientes m\u00e1s exigentes.<\/p>\n<p>[\/et_pb_text][\/et_pb_column][\/et_pb_row][\/et_pb_section]<\/p>\n","protected":false},"excerpt":{"rendered":"<p>\u00bfQui\u00e9nes somos?Hansa Rent es una amplia oferta de Hansa S.A. que incluye el alquiler de maquinaria nueva y usada. Prestamos nuestros servicios no s\u00f3lo en Polonia, sino tambi\u00e9n en otros pa\u00edses de Europa. Los m\u00e1s de 20 a\u00f1os de experiencia de la empresa Hansa S.A. nos permiten conocer bien las necesidades de un mercado en [&hellip;]<\/p>\n","protected":false},"author":3,"featured_media":0,"parent":0,"menu_order":0,"comment_status":"closed","ping_status":"closed","template":"","meta":{"_et_pb_use_builder":"on","_et_pb_old_content":"","_et_gb_content_width":""},"yoast_head":"<!-- This site is optimized with the Yoast SEO Premium plugin v20.1 (Yoast SEO v20.9) - https:\/\/yoast.com\/wordpress\/plugins\/seo\/ -->\n<title>\u00bfQui\u00e9nes somos? - Hansa Rent<\/title>\n<meta name=\"robots\" content=\"index, follow, max-snippet:-1, max-image-preview:large, max-video-preview:-1\" \/>\n<link rel=\"canonical\" href=\"https:\/\/hansa-rent.pl\/es\/quienes-somos\/\" \/>\n<meta property=\"og:locale\" content=\"es_ES\" \/>\n<meta property=\"og:type\" content=\"article\" \/>\n<meta property=\"og:title\" content=\"\u00bfQui\u00e9nes somos?\" \/>\n<meta property=\"og:description\" content=\"\u00bfQui\u00e9nes somos?Hansa Rent es una amplia oferta de Hansa S.A. que incluye el alquiler de maquinaria nueva y usada. Prestamos nuestros servicios no s\u00f3lo en Polonia, sino tambi\u00e9n en otros pa\u00edses de Europa. Los m\u00e1s de 20 a\u00f1os de experiencia de la empresa Hansa S.A. nos permiten conocer bien las necesidades de un mercado en [&hellip;]\" \/>\n<meta property=\"og:url\" content=\"https:\/\/hansa-rent.pl\/es\/quienes-somos\/\" \/>\n<meta property=\"og:site_name\" content=\"Hansa Rent\" \/>\n<meta property=\"article:modified_time\" content=\"2020-08-31T13:05:34+00:00\" \/>\n<meta name=\"twitter:card\" content=\"summary_large_image\" \/>\n<meta name=\"twitter:label1\" content=\"Tiempo de lectura\" \/>\n\t<meta name=\"twitter:data1\" content=\"1 minuto\" \/>\n<script type=\"application\/ld+json\" class=\"yoast-schema-graph\">{\"@context\":\"https:\/\/schema.org\",\"@graph\":[{\"@type\":\"WebPage\",\"@id\":\"https:\/\/hansa-rent.pl\/es\/quienes-somos\/\",\"url\":\"https:\/\/hansa-rent.pl\/es\/quienes-somos\/\",\"name\":\"\u00bfQui\u00e9nes somos? - Hansa Rent\",\"isPartOf\":{\"@id\":\"https:\/\/hansa-rent.pl\/es\/#website\"},\"datePublished\":\"2020-05-18T13:47:30+00:00\",\"dateModified\":\"2020-08-31T13:05:34+00:00\",\"breadcrumb\":{\"@id\":\"https:\/\/hansa-rent.pl\/es\/quienes-somos\/#breadcrumb\"},\"inLanguage\":\"es\",\"potentialAction\":[{\"@type\":\"ReadAction\",\"target\":[\"https:\/\/hansa-rent.pl\/es\/quienes-somos\/\"]}]},{\"@type\":\"BreadcrumbList\",\"@id\":\"https:\/\/hansa-rent.pl\/es\/quienes-somos\/#breadcrumb\",\"itemListElement\":[{\"@type\":\"ListItem\",\"position\":1,\"name\":\"Home\",\"item\":\"https:\/\/hansa-rent.pl\/\"},{\"@type\":\"ListItem\",\"position\":2,\"name\":\"\u00bfQui\u00e9nes somos?\"}]},{\"@type\":\"WebSite\",\"@id\":\"https:\/\/hansa-rent.pl\/es\/#website\",\"url\":\"https:\/\/hansa-rent.pl\/es\/\",\"name\":\"Hansa Rent\",\"description\":\"Wynajem pomp do betonu, pompogruszek, betonomieszarek\",\"potentialAction\":[{\"@type\":\"SearchAction\",\"target\":{\"@type\":\"EntryPoint\",\"urlTemplate\":\"https:\/\/hansa-rent.pl\/es\/?s={search_term_string}\"},\"query-input\":\"required name=search_term_string\"}],\"inLanguage\":\"es\"},{\"@type\":\"ImageObject\",\"inLanguage\":\"es\",\"@id\":\"https:\/\/hansa-rent.pl\/es\/quienes-somos\/#local-main-organization-logo\",\"url\":\"\",\"contentUrl\":\"\",\"caption\":\"Hansa Rent sp. z o.o.\"}]}<\/script>\n<!-- \/ Yoast SEO Premium plugin. -->","yoast_head_json":{"title":"\u00bfQui\u00e9nes somos? - Hansa Rent","robots":{"index":"index","follow":"follow","max-snippet":"max-snippet:-1","max-image-preview":"max-image-preview:large","max-video-preview":"max-video-preview:-1"},"canonical":"https:\/\/hansa-rent.pl\/es\/quienes-somos\/","og_locale":"es_ES","og_type":"article","og_title":"\u00bfQui\u00e9nes somos?","og_description":"\u00bfQui\u00e9nes somos?Hansa Rent es una amplia oferta de Hansa S.A. que incluye el alquiler de maquinaria nueva y usada. Prestamos nuestros servicios no s\u00f3lo en Polonia, sino tambi\u00e9n en otros pa\u00edses de Europa. Los m\u00e1s de 20 a\u00f1os de experiencia de la empresa Hansa S.A. nos permiten conocer bien las necesidades de un mercado en [&hellip;]","og_url":"https:\/\/hansa-rent.pl\/es\/quienes-somos\/","og_site_name":"Hansa Rent","article_modified_time":"2020-08-31T13:05:34+00:00","twitter_card":"summary_large_image","twitter_misc":{"Tiempo de lectura":"1 minuto"},"schema":{"@context":"https:\/\/schema.org","@graph":[{"@type":"WebPage","@id":"https:\/\/hansa-rent.pl\/es\/quienes-somos\/","url":"https:\/\/hansa-rent.pl\/es\/quienes-somos\/","name":"\u00bfQui\u00e9nes somos? - Hansa Rent","isPartOf":{"@id":"https:\/\/hansa-rent.pl\/es\/#website"},"datePublished":"2020-05-18T13:47:30+00:00","dateModified":"2020-08-31T13:05:34+00:00","breadcrumb":{"@id":"https:\/\/hansa-rent.pl\/es\/quienes-somos\/#breadcrumb"},"inLanguage":"es","potentialAction":[{"@type":"ReadAction","target":["https:\/\/hansa-rent.pl\/es\/quienes-somos\/"]}]},{"@type":"BreadcrumbList","@id":"https:\/\/hansa-rent.pl\/es\/quienes-somos\/#breadcrumb","itemListElement":[{"@type":"ListItem","position":1,"name":"Home","item":"https:\/\/hansa-rent.pl\/"},{"@type":"ListItem","position":2,"name":"\u00bfQui\u00e9nes somos?"}]},{"@type":"WebSite","@id":"https:\/\/hansa-rent.pl\/es\/#website","url":"https:\/\/hansa-rent.pl\/es\/","name":"Hansa Rent","description":"Wynajem pomp do betonu, pompogruszek, betonomieszarek","potentialAction":[{"@type":"SearchAction","target":{"@type":"EntryPoint","urlTemplate":"https:\/\/hansa-rent.pl\/es\/?s={search_term_string}"},"query-input":"required name=search_term_string"}],"inLanguage":"es"},{"@type":"ImageObject","inLanguage":"es","@id":"https:\/\/hansa-rent.pl\/es\/quienes-somos\/#local-main-organization-logo","url":"","contentUrl":"","caption":"Hansa Rent sp. z o.o."}]}},"_links":{"self":[{"href":"https:\/\/hansa-rent.pl\/es\/wp-json\/wp\/v2\/pages\/50338"}],"collection":[{"href":"https:\/\/hansa-rent.pl\/es\/wp-json\/wp\/v2\/pages"}],"about":[{"href":"https:\/\/hansa-rent.pl\/es\/wp-json\/wp\/v2\/types\/page"}],"author":[{"embeddable":true,"href":"https:\/\/hansa-rent.pl\/es\/wp-json\/wp\/v2\/users\/3"}],"replies":[{"embeddable":true,"href":"https:\/\/hansa-rent.pl\/es\/wp-json\/wp\/v2\/comments?post=50338"}],"version-history":[{"count":0,"href":"https:\/\/hansa-rent.pl\/es\/wp-json\/wp\/v2\/pages\/50338\/revisions"}],"wp:attachment":[{"href":"https:\/\/hansa-rent.pl\/es\/wp-json\/wp\/v2\/media?parent=50338"}],"curies":[{"name":"wp","href":"https:\/\/api.w.org\/{rel}","templated":true}]}}