{"id":50330,"date":"2020-05-18T15:35:17","date_gmt":"2020-05-18T13:35:17","guid":{"rendered":"https:\/\/test400.fabrykastron.com\/alquiler\/"},"modified":"2021-04-08T15:00:47","modified_gmt":"2021-04-08T13:00:47","slug":"alquiler","status":"publish","type":"page","link":"https:\/\/hansa-rent.pl\/es\/alquiler\/","title":{"rendered":"Alquiler"},"content":{"rendered":"<p>[et_pb_section fb_built=\u00bb1&#8243; _builder_version=\u00bb4.6.0&#8243; custom_padding=\u00bb13px||23px|||\u00bb animation_style=\u00bbslide\u00bb][et_pb_row _builder_version=\u00bb3.25&#8243; custom_padding=\u00bb0|0px|30px|0px|false|false\u00bb][et_pb_column type=\u00bb4_4&#8243; _builder_version=\u00bb3.25&#8243; custom_padding=\u00bb|||\u00bb custom_padding__hover=\u00bb|||\u00bb][et_pb_blurb title=\u00bbNuevas de f\u00e1brica\u00bb content_max_width=\u00bb974px\u00bb _builder_version=\u00bb4.4.2&#8243; header_font=\u00bb|700|||||||\u00bb header_text_align=\u00bbcenter\u00bb header_font_size=\u00bb40px\u00bb header_line_height=\u00bb1.6em\u00bb body_font=\u00bb||||||||\u00bb body_text_align=\u00bbcenter\u00bb text_orientation=\u00bbcenter\u00bb module_alignment=\u00bbcenter\u00bb custom_margin=\u00bb14px||0px|||\u00bb custom_padding=\u00bb18px||0px|||\u00bb border_color_bottom=\u00bb#193661&#8243;][\/et_pb_blurb][et_pb_divider color=\u00bb#193661&#8243; divider_weight=\u00bb22px\u00bb _builder_version=\u00bb4.0.5&#8243; transform_skew=\u00bb-11deg|0deg\u00bb transform_skew_linked=\u00bboff\u00bb width=\u00bb180px\u00bb module_alignment=\u00bbcenter\u00bb][\/et_pb_divider][\/et_pb_column][\/et_pb_row][et_pb_row column_structure=\u00bb1_4,1_4,1_4,1_4&#8243; use_custom_gutter=\u00bbon\u00bb gutter_width=\u00bb2&#8243; _builder_version=\u00bb4.4.1&#8243; custom_margin=\u00bb2px|auto|-8px|auto||\u00bb][et_pb_column type=\u00bb1_4&#8243; _builder_version=\u00bb4.4.1&#8243;][et_pb_blurb title=\u00bbBombas para hormig\u00f3n\u00bb image=\u00bbhttps:\/\/hansa-rent.pl\/wp-content\/uploads\/2020\/03\/pompy4.jpg\u00bb _builder_version=\u00bb4.4.2&#8243; header_font=\u00bb|600||on|||||\u00bb header_text_align=\u00bbcenter\u00bb header_text_color=\u00bb#0060AA\u00bb header_font_size=\u00bb18px\u00bb body_font_size=\u00bb9px\u00bb background_color=\u00bb#e8e8e8&#8243; custom_padding=\u00bb||||false|false\u00bb link_option_url=\u00bbhttps:\/\/hansa-rent.pl\/es\/category\/bombas-para-hormigon-nuevas\/\u00bb border_width_all=\u00bb1px\u00bb border_color_all=\u00bb#063F6C\u00bb box_shadow_style=\u00bbpreset1&#8243; box_shadow_color=\u00bbrgba(0,96,170,0.37)\u00bb]&nbsp;[\/et_pb_blurb][\/et_pb_column][et_pb_column type=\u00bb1_4&#8243; _builder_version=\u00bb4.4.1&#8243;][et_pb_blurb title=\u00bbBombas fijas\u00bb image=\u00bbhttps:\/\/hansa-rent.pl\/wp-content\/uploads\/2020\/03\/pompy5.jpg\u00bb _builder_version=\u00bb4.4.2&#8243; header_font=\u00bb|600||on|||||\u00bb header_text_align=\u00bbcenter\u00bb header_text_color=\u00bb#0060AA\u00bb header_font_size=\u00bb18px\u00bb body_font_size=\u00bb9px\u00bb background_color=\u00bb#e8e8e8&#8243; custom_padding=\u00bb||||false|false\u00bb link_option_url=\u00bb\/es\/?product_cat=pompy-stacjonarne-nowe\u00bb border_width_all=\u00bb1px\u00bb border_color_all=\u00bb#063F6C\u00bb box_shadow_style=\u00bbpreset1&#8243; box_shadow_color=\u00bbrgba(0,96,170,0.37)\u00bb]&nbsp;[\/et_pb_blurb][\/et_pb_column][et_pb_column type=\u00bb1_4&#8243; _builder_version=\u00bb4.4.1&#8243;][et_pb_blurb title=\u00bbCamiones hormigonera con bomba para hormig\u00f3n\u00bb image=\u00bbhttps:\/\/hansa-rent.pl\/wp-content\/uploads\/2021\/04\/Fahrmisher-pumpen-Pompogruszka.jpg\u00bb _builder_version=\u00bb4.9.1&#8243; header_font=\u00bb|600||on|||||\u00bb header_text_align=\u00bbcenter\u00bb header_text_color=\u00bb#0060AA\u00bb header_font_size=\u00bb18px\u00bb body_font_size=\u00bb9px\u00bb background_color=\u00bb#e8e8e8&#8243; custom_padding=\u00bb||||false|false\u00bb link_option_url=\u00bbhttps:\/\/hansa-rent.pl\/es\/category\/camiones-hormigonera-con-bomba-para-hormigon-nuevos\/\u00bb hover_enabled=\u00bb0&#8243; custom_css_blurb_title=\u00bbmargin-top: -12px;\u00bb border_width_all=\u00bb1px\u00bb border_color_all=\u00bb#063F6C\u00bb box_shadow_style=\u00bbpreset1&#8243; box_shadow_color=\u00bbrgba(0,96,170,0.37)\u00bb title_text=\u00bbFahrmisher-pumpen-Pompogruszka\u00bb sticky_enabled=\u00bb0&#8243;][\/et_pb_blurb][\/et_pb_column][et_pb_column type=\u00bb1_4&#8243; _builder_version=\u00bb4.4.1&#8243;][et_pb_blurb title=\u00bbHormigoneras\u00bb image=\u00bbhttps:\/\/hansa-rent.pl\/wp-content\/uploads\/2021\/04\/Betonmisher-Betonomieszarka.jpg\u00bb _builder_version=\u00bb4.9.1&#8243; header_font=\u00bb|600||on|||||\u00bb header_text_align=\u00bbcenter\u00bb header_text_color=\u00bb#0060AA\u00bb header_font_size=\u00bb18px\u00bb body_font_size=\u00bb9px\u00bb background_color=\u00bb#e8e8e8&#8243; custom_padding=\u00bb||22px||false|false\u00bb link_option_url=\u00bbhttps:\/\/hansa-rent.pl\/es\/category\/hormigoneras-nuevas\/\u00bb hover_enabled=\u00bb0&#8243; border_width_all=\u00bb1px\u00bb border_color_all=\u00bb#063F6C\u00bb box_shadow_style=\u00bbpreset1&#8243; box_shadow_color=\u00bbrgba(0,96,170,0.37)\u00bb title_text=\u00bbBetonmisher-Betonomieszarka\u00bb sticky_enabled=\u00bb0&#8243;][\/et_pb_blurb][\/et_pb_column][\/et_pb_row][et_pb_row column_structure=\u00bb1_4,1_4,1_4,1_4&#8243; use_custom_gutter=\u00bbon\u00bb gutter_width=\u00bb2&#8243; custom_padding_last_edited=\u00bbon|phone\u00bb _builder_version=\u00bb4.5.6&#8243; custom_margin=\u00bb2px|auto|-8px|auto||\u00bb custom_margin_tablet=\u00bb\u00bb custom_margin_phone=\u00bb\u00bb custom_margin_last_edited=\u00bbon|desktop\u00bb custom_padding=\u00bb10px||||false|false\u00bb custom_padding_tablet=\u00bb\u00bb custom_padding_phone=\u00bb5px||||false|false\u00bb locked=\u00bboff\u00bb][et_pb_column type=\u00bb1_4&#8243; _builder_version=\u00bb4.4.1&#8243;][et_pb_blurb title=\u00bbVolquetes\u00bb image=\u00bbhttps:\/\/hansa-rent.pl\/wp-content\/uploads\/2021\/04\/Kipper-wywrotka.jpg\u00bb _builder_version=\u00bb4.9.1&#8243; header_font=\u00bb|600||on|||||\u00bb header_text_align=\u00bbcenter\u00bb header_text_color=\u00bb#0060AA\u00bb header_font_size=\u00bb18px\u00bb body_font_size=\u00bb9px\u00bb background_color=\u00bb#e8e8e8&#8243; min_height=\u00bb255px\u00bb custom_padding=\u00bb||22px||false|false\u00bb link_option_url=\u00bbhttps:\/\/hansa-rent.pl\/es\/category\/volquetes-nuevas\/\u00bb hover_enabled=\u00bb0&#8243; border_width_all=\u00bb1px\u00bb border_color_all=\u00bb#063F6C\u00bb box_shadow_style=\u00bbpreset1&#8243; box_shadow_color=\u00bbrgba(0,96,170,0.37)\u00bb title_text=\u00bbKipper-wywrotka\u00bb sticky_enabled=\u00bb0&#8243;][\/et_pb_blurb][\/et_pb_column][et_pb_column type=\u00bb1_4&#8243; _builder_version=\u00bb4.4.1&#8243;][et_pb_blurb title=\u00bbCamiones gr\u00faa\u00bb image=\u00bbhttps:\/\/hansa-rent.pl\/wp-content\/uploads\/2021\/04\/Fahrzeuge-mit-kran-Samochody-ciezarowe-z-dzwigiem.jpg\u00bb _builder_version=\u00bb4.9.1&#8243; header_font=\u00bb|600||on|||||\u00bb header_text_align=\u00bbcenter\u00bb header_text_color=\u00bb#0060AA\u00bb header_font_size=\u00bb18px\u00bb body_font_size=\u00bb9px\u00bb background_color=\u00bb#e8e8e8&#8243; min_height=\u00bb255px\u00bb custom_padding=\u00bb||22px||false|false\u00bb custom_padding_tablet=\u00bb||12px||false|false\u00bb custom_padding_phone=\u00bb||16px||false|false\u00bb custom_padding_last_edited=\u00bbon|tablet\u00bb link_option_url=\u00bbhttps:\/\/hansa-rent.pl\/es\/category\/camiones-grua-nuevas\/\u00bb hover_enabled=\u00bb0&#8243; border_width_all=\u00bb1px\u00bb border_color_all=\u00bb#063F6C\u00bb box_shadow_style=\u00bbpreset1&#8243; box_shadow_color=\u00bbrgba(0,96,170,0.37)\u00bb title_text=\u00bbFahrzeuge-mit-kran,-Samochody-ci\u0119\u017carowe-z-d\u017awigiem\u00bb sticky_enabled=\u00bb0&#8243;][\/et_pb_blurb][\/et_pb_column][et_pb_column type=\u00bb1_4&#8243; _builder_version=\u00bb4.4.1&#8243;][et_pb_blurb title=\u00bbSemirremolques\u00bb image=\u00bbhttps:\/\/hansa-rent.pl\/wp-content\/uploads\/2020\/09\/naczepa.jpg\u00bb _builder_version=\u00bb4.6.0&#8243; header_font=\u00bb|600||on|||||\u00bb header_text_align=\u00bbcenter\u00bb header_text_color=\u00bb#0060AA\u00bb header_font_size=\u00bb18px\u00bb body_font_size=\u00bb9px\u00bb background_color=\u00bb#e8e8e8&#8243; min_height=\u00bb255px\u00bb custom_padding=\u00bb||22px||false|false\u00bb link_option_url=\u00bbhttps:\/\/hansa-rent.pl\/es\/category\/semirremolques-nuevas\/\u00bb border_width_all=\u00bb1px\u00bb border_color_all=\u00bb#063F6C\u00bb box_shadow_style=\u00bbpreset1&#8243; box_shadow_color=\u00bbrgba(0,96,170,0.37)\u00bb locked=\u00bboff\u00bb][\/et_pb_blurb][\/et_pb_column][et_pb_column type=\u00bb1_4&#8243; _builder_version=\u00bb4.4.1&#8243;][et_pb_blurb title=\u00bbOtras maquinas\u00bb image=\u00bbhttps:\/\/hansa-rent.pl\/wp-content\/uploads\/2020\/08\/BST-Placing-booms-2-1.jpg\u00bb _builder_version=\u00bb4.6.0&#8243; header_font=\u00bb|600||on|||||\u00bb header_text_align=\u00bbcenter\u00bb header_text_color=\u00bb#0060AA\u00bb header_font_size=\u00bb18px\u00bb body_font_size=\u00bb9px\u00bb background_color=\u00bb#e8e8e8&#8243; min_height=\u00bb255px\u00bb custom_padding=\u00bb||22px||false|false\u00bb link_option_url=\u00bbhttps:\/\/hansa-rent.pl\/es\/category\/otras-maquinas-nuevas\/\u00bb border_width_all=\u00bb1px\u00bb border_color_all=\u00bb#063F6C\u00bb box_shadow_style=\u00bbpreset1&#8243; box_shadow_color=\u00bbrgba(0,96,170,0.37)\u00bb][\/et_pb_blurb][\/et_pb_column][\/et_pb_row][\/et_pb_section][et_pb_section fb_built=\u00bb1&#8243; _builder_version=\u00bb4.6.0&#8243; custom_padding=\u00bb13px|||||\u00bb animation_style=\u00bbslide\u00bb][et_pb_row _builder_version=\u00bb3.25&#8243; custom_padding=\u00bb0|0px|30px|0px|false|false\u00bb][et_pb_column type=\u00bb4_4&#8243; _builder_version=\u00bb3.25&#8243; custom_padding=\u00bb|||\u00bb custom_padding__hover=\u00bb|||\u00bb][et_pb_blurb title=\u00bbUsadas\u00bb content_max_width=\u00bb974px\u00bb _builder_version=\u00bb4.4.2&#8243; header_font=\u00bb|700|||||||\u00bb header_text_align=\u00bbcenter\u00bb header_font_size=\u00bb40px\u00bb header_line_height=\u00bb1.6em\u00bb body_font=\u00bb||||||||\u00bb body_text_align=\u00bbcenter\u00bb text_orientation=\u00bbcenter\u00bb module_alignment=\u00bbcenter\u00bb custom_margin=\u00bb1px||0px|||\u00bb custom_padding=\u00bb5px||0px||false|false\u00bb border_color_bottom=\u00bb#193661&#8243;][\/et_pb_blurb][et_pb_divider color=\u00bb#193661&#8243; divider_weight=\u00bb22px\u00bb _builder_version=\u00bb4.0.5&#8243; transform_skew=\u00bb-11deg|0deg\u00bb transform_skew_linked=\u00bboff\u00bb width=\u00bb180px\u00bb module_alignment=\u00bbcenter\u00bb][\/et_pb_divider][\/et_pb_column][\/et_pb_row][et_pb_row column_structure=\u00bb1_4,1_4,1_4,1_4&#8243; use_custom_gutter=\u00bbon\u00bb gutter_width=\u00bb2&#8243; _builder_version=\u00bb4.4.1&#8243; custom_margin=\u00bb2px|auto||auto||\u00bb][et_pb_column type=\u00bb1_4&#8243; _builder_version=\u00bb4.4.1&#8243;][et_pb_blurb title=\u00bbBombas para hormig\u00f3n\u00bb image=\u00bbhttps:\/\/hansa-rent.pl\/wp-content\/uploads\/2020\/03\/pompy4.jpg\u00bb _builder_version=\u00bb4.4.2&#8243; header_font=\u00bb|600||on|||||\u00bb header_text_align=\u00bbcenter\u00bb header_text_color=\u00bb#0060AA\u00bb header_font_size=\u00bb18px\u00bb body_font_size=\u00bb9px\u00bb background_color=\u00bb#e8e8e8&#8243; custom_padding=\u00bb||||false|false\u00bb link_option_url=\u00bb\/es\/?product_cat=pompy-do-betonu-nowe-uzywane\u00bb border_width_all=\u00bb1px\u00bb border_color_all=\u00bb#063F6C\u00bb box_shadow_style=\u00bbpreset1&#8243; box_shadow_color=\u00bbrgba(0,96,170,0.37)\u00bb]&nbsp;[\/et_pb_blurb][\/et_pb_column][et_pb_column type=\u00bb1_4&#8243; _builder_version=\u00bb4.4.1&#8243;][et_pb_blurb title=\u00bbBombas fijas\u00bb image=\u00bbhttps:\/\/hansa-rent.pl\/wp-content\/uploads\/2020\/03\/pompy5.jpg\u00bb _builder_version=\u00bb4.4.2&#8243; header_font=\u00bb|600||on|||||\u00bb header_text_align=\u00bbcenter\u00bb header_text_color=\u00bb#0060AA\u00bb header_font_size=\u00bb18px\u00bb body_font_size=\u00bb9px\u00bb background_color=\u00bb#e8e8e8&#8243; custom_padding=\u00bb||||false|false\u00bb link_option_url=\u00bb\/es\/?product_cat=pompy-stacjonarne-uzywane\u00bb border_width_all=\u00bb1px\u00bb border_color_all=\u00bb#063F6C\u00bb box_shadow_style=\u00bbpreset1&#8243; box_shadow_color=\u00bbrgba(0,96,170,0.37)\u00bb]&nbsp;[\/et_pb_blurb][\/et_pb_column][et_pb_column type=\u00bb1_4&#8243; _builder_version=\u00bb4.4.1&#8243;][et_pb_blurb title=\u00bbCamiones hormigonera con bomba para hormig\u00f3n\u00bb image=\u00bbhttps:\/\/hansa-rent.pl\/wp-content\/uploads\/2021\/04\/Fahrmisher-pumpen-Pompogruszka.jpg\u00bb _builder_version=\u00bb4.9.1&#8243; header_font=\u00bb|600||on|||||\u00bb header_text_align=\u00bbcenter\u00bb header_text_color=\u00bb#0060AA\u00bb header_font_size=\u00bb18px\u00bb body_font_size=\u00bb9px\u00bb background_color=\u00bb#e8e8e8&#8243; custom_padding=\u00bb||||false|false\u00bb link_option_url=\u00bb\/es\/?product_cat=pompogruszki-uzywane\u00bb hover_enabled=\u00bb0&#8243; custom_css_blurb_title=\u00bbmargin-top: -12px;\u00bb border_width_all=\u00bb1px\u00bb border_color_all=\u00bb#063F6C\u00bb box_shadow_style=\u00bbpreset1&#8243; box_shadow_color=\u00bbrgba(0,96,170,0.37)\u00bb title_text=\u00bbFahrmisher-pumpen-Pompogruszka\u00bb sticky_enabled=\u00bb0&#8243;][\/et_pb_blurb][\/et_pb_column][et_pb_column type=\u00bb1_4&#8243; _builder_version=\u00bb4.4.1&#8243;][et_pb_blurb title=\u00bbHormigoneras\u00bb image=\u00bbhttps:\/\/hansa-rent.pl\/wp-content\/uploads\/2021\/04\/Betonmisher-Betonomieszarka.jpg\u00bb _builder_version=\u00bb4.9.1&#8243; header_font=\u00bb|600||on|||||\u00bb header_text_align=\u00bbcenter\u00bb header_text_color=\u00bb#0060AA\u00bb header_font_size=\u00bb18px\u00bb body_font_size=\u00bb9px\u00bb background_color=\u00bb#e8e8e8&#8243; custom_padding=\u00bb||22px||false|false\u00bb link_option_url=\u00bb\/es\/?product_cat=betonomieszarki-uzywane\u00bb hover_enabled=\u00bb0&#8243; border_width_all=\u00bb1px\u00bb border_color_all=\u00bb#063F6C\u00bb box_shadow_style=\u00bbpreset1&#8243; box_shadow_color=\u00bbrgba(0,96,170,0.37)\u00bb title_text=\u00bbBetonmisher-Betonomieszarka\u00bb sticky_enabled=\u00bb0&#8243;][\/et_pb_blurb][\/et_pb_column][\/et_pb_row][et_pb_row column_structure=\u00bb1_4,1_4,1_4,1_4&#8243; use_custom_gutter=\u00bbon\u00bb gutter_width=\u00bb2&#8243; _builder_version=\u00bb4.5.6&#8243; custom_margin=\u00bb2px|auto|-8px|auto||\u00bb custom_padding=\u00bb0px||||false|false\u00bb locked=\u00bboff\u00bb][et_pb_column type=\u00bb1_4&#8243; _builder_version=\u00bb4.4.1&#8243;][et_pb_blurb title=\u00bbVolquetes\u00bb image=\u00bbhttps:\/\/hansa-rent.pl\/wp-content\/uploads\/2021\/04\/Kipper-wywrotka.jpg\u00bb _builder_version=\u00bb4.9.1&#8243; header_font=\u00bb|600||on|||||\u00bb header_text_align=\u00bbcenter\u00bb header_text_color=\u00bb#0060AA\u00bb header_font_size=\u00bb18px\u00bb body_font_size=\u00bb9px\u00bb background_color=\u00bb#e8e8e8&#8243; min_height=\u00bb255px\u00bb custom_padding=\u00bb||22px||false|false\u00bb link_option_url=\u00bbhttps:\/\/hansa-rent.pl\/es\/category\/volquetes-usadas\/\u00bb hover_enabled=\u00bb0&#8243; border_width_all=\u00bb1px\u00bb border_color_all=\u00bb#063F6C\u00bb box_shadow_style=\u00bbpreset1&#8243; box_shadow_color=\u00bbrgba(0,96,170,0.37)\u00bb title_text=\u00bbKipper-wywrotka\u00bb sticky_enabled=\u00bb0&#8243;][\/et_pb_blurb][\/et_pb_column][et_pb_column type=\u00bb1_4&#8243; _builder_version=\u00bb4.4.1&#8243;][et_pb_blurb title=\u00bbCamiones con gr\u00faa\u00bb image=\u00bbhttps:\/\/hansa-rent.pl\/wp-content\/uploads\/2021\/04\/Fahrzeuge-mit-kran-Samochody-ciezarowe-z-dzwigiem.jpg\u00bb _builder_version=\u00bb4.9.1&#8243; header_font=\u00bb|600||on|||||\u00bb header_text_align=\u00bbcenter\u00bb header_text_color=\u00bb#0060AA\u00bb header_font_size=\u00bb18px\u00bb body_font_size=\u00bb9px\u00bb background_color=\u00bb#e8e8e8&#8243; min_height=\u00bb255px\u00bb custom_padding=\u00bb||22px||false|false\u00bb custom_padding_tablet=\u00bb||12px||false|false\u00bb custom_padding_phone=\u00bb||16px||false|false\u00bb custom_padding_last_edited=\u00bbon|tablet\u00bb link_option_url=\u00bbhttps:\/\/hansa-rent.pl\/es\/category\/camiones-grua-usadas\/\u00bb hover_enabled=\u00bb0&#8243; border_width_all=\u00bb1px\u00bb border_color_all=\u00bb#063F6C\u00bb box_shadow_style=\u00bbpreset1&#8243; box_shadow_color=\u00bbrgba(0,96,170,0.37)\u00bb sticky_enabled=\u00bb0&#8243; title_text=\u00bbFahrzeuge-mit-kran,-Samochody-ci\u0119\u017carowe-z-d\u017awigiem\u00bb][\/et_pb_blurb][\/et_pb_column][et_pb_column type=\u00bb1_4&#8243; _builder_version=\u00bb4.4.1&#8243;][et_pb_blurb title=\u00bbSemirremolques\u00bb image=\u00bbhttps:\/\/hansa-rent.pl\/wp-content\/uploads\/2020\/09\/naczepa.jpg\u00bb _builder_version=\u00bb4.6.0&#8243; header_font=\u00bb|600||on|||||\u00bb header_text_align=\u00bbcenter\u00bb header_text_color=\u00bb#0060AA\u00bb header_font_size=\u00bb18px\u00bb body_font_size=\u00bb9px\u00bb background_color=\u00bb#e8e8e8&#8243; min_height=\u00bb255px\u00bb custom_padding=\u00bb||22px||false|false\u00bb link_option_url=\u00bbhttps:\/\/hansa-rent.pl\/es\/category\/semirremolques-usadas\/\u00bb border_width_all=\u00bb1px\u00bb border_color_all=\u00bb#063F6C\u00bb box_shadow_style=\u00bbpreset1&#8243; box_shadow_color=\u00bbrgba(0,96,170,0.37)\u00bb locked=\u00bboff\u00bb][\/et_pb_blurb][\/et_pb_column][et_pb_column type=\u00bb1_4&#8243; _builder_version=\u00bb4.4.1&#8243;][et_pb_blurb title=\u00bbOtras maquinas\u00bb image=\u00bbhttps:\/\/hansa-rent.pl\/wp-content\/uploads\/2020\/08\/BST-Placing-booms-2-1.jpg\u00bb _builder_version=\u00bb4.6.0&#8243; header_font=\u00bb|600||on|||||\u00bb header_text_align=\u00bbcenter\u00bb header_text_color=\u00bb#0060AA\u00bb header_font_size=\u00bb18px\u00bb body_font_size=\u00bb9px\u00bb background_color=\u00bb#e8e8e8&#8243; min_height=\u00bb255px\u00bb custom_padding=\u00bb||22px||false|false\u00bb link_option_url=\u00bbhttps:\/\/hansa-rent.pl\/es\/category\/otras-maquinas-usadas\/\u00bb border_width_all=\u00bb1px\u00bb border_color_all=\u00bb#063F6C\u00bb box_shadow_style=\u00bbpreset1&#8243; box_shadow_color=\u00bbrgba(0,96,170,0.37)\u00bb][\/et_pb_blurb][\/et_pb_column][\/et_pb_row][\/et_pb_section][et_pb_section fb_built=\u00bb1&#8243; _builder_version=\u00bb4.6.0&#8243; background_enable_color=\u00bboff\u00bb use_background_color_gradient=\u00bbon\u00bb background_color_gradient_start=\u00bb#f2f2f2&#8243; background_color_gradient_end=\u00bb#afafaf\u00bb background_color_gradient_type=\u00bbradial\u00bb custom_padding=\u00bb21px|0px|21px|0px|true|false\u00bb animation_style=\u00bbslide\u00bb][et_pb_row _builder_version=\u00bb3.25&#8243;][et_pb_column type=\u00bb4_4&#8243; _builder_version=\u00bb3.25&#8243; custom_padding=\u00bb|||\u00bb custom_padding__hover=\u00bb|||\u00bb][et_pb_blurb title=\u00bbM\u00e1quinas recomendadas\u00bb _builder_version=\u00bb4.4.1&#8243; header_font=\u00bb|700|||||||\u00bb header_text_align=\u00bbcenter\u00bb header_font_size=\u00bb40px\u00bb header_line_height=\u00bb1.6em\u00bb body_font=\u00bb||||||||\u00bb body_text_align=\u00bbcenter\u00bb text_orientation=\u00bbcenter\u00bb max_width=\u00bb50%\u00bb module_alignment=\u00bbcenter\u00bb custom_margin=\u00bb0px||0px\u00bb custom_padding=\u00bb0px||0px\u00bb border_color_bottom=\u00bb#193661&#8243;][\/et_pb_blurb][et_pb_divider color=\u00bb#193661&#8243; divider_weight=\u00bb22px\u00bb _builder_version=\u00bb4.0.5&#8243; transform_skew=\u00bb-11deg|0deg\u00bb transform_skew_linked=\u00bboff\u00bb width=\u00bb180px\u00bb module_alignment=\u00bbcenter\u00bb][\/et_pb_divider][\/et_pb_column][\/et_pb_row][et_pb_row _builder_version=\u00bb3.25&#8243; custom_margin=\u00bb|||\u00bb][et_pb_column type=\u00bb4_4&#8243; _builder_version=\u00bb3.25&#8243; custom_padding=\u00bb|||\u00bb custom_padding__hover=\u00bb|||\u00bb][et_pb_shop type=\u00bbfeatured\u00bb posts_number=\u00bb4&#8243; columns_number=\u00bb4&#8243; orderby=\u00bbmenu_order\u00bb icon_hover_color=\u00bb#ffffff\u00bb hover_overlay_color=\u00bbrgba(25,54,97,0.39)\u00bb hover_icon=\u00bb%%176%%\u00bb _builder_version=\u00bb4.0.5&#8243; custom_margin=\u00bb|||\u00bb custom_padding=\u00bb|||22px\u00bb][\/et_pb_shop][\/et_pb_column][\/et_pb_row][\/et_pb_section]<\/p>\n","protected":false},"excerpt":{"rendered":"<p>&nbsp;&nbsp;&nbsp;&nbsp;<\/p>\n","protected":false},"author":3,"featured_media":0,"parent":0,"menu_order":0,"comment_status":"closed","ping_status":"closed","template":"","meta":{"_et_pb_use_builder":"on","_et_pb_old_content":"","_et_gb_content_width":""},"yoast_head":"<!-- This site is optimized with the Yoast SEO Premium plugin v20.1 (Yoast SEO v20.9) - https:\/\/yoast.com\/wordpress\/plugins\/seo\/ -->\n<title>Alquiler - Hansa Rent<\/title>\n<meta name=\"robots\" content=\"index, follow, max-snippet:-1, max-image-preview:large, max-video-preview:-1\" \/>\n<link rel=\"canonical\" href=\"https:\/\/hansa-rent.pl\/es\/alquiler\/\" \/>\n<meta property=\"og:locale\" content=\"es_ES\" \/>\n<meta property=\"og:type\" content=\"article\" \/>\n<meta property=\"og:title\" content=\"Alquiler\" \/>\n<meta property=\"og:description\" content=\"&nbsp;&nbsp;&nbsp;&nbsp;\" \/>\n<meta property=\"og:url\" content=\"https:\/\/hansa-rent.pl\/es\/alquiler\/\" \/>\n<meta property=\"og:site_name\" content=\"Hansa Rent\" \/>\n<meta property=\"article:modified_time\" content=\"2021-04-08T13:00:47+00:00\" \/>\n<meta name=\"twitter:card\" content=\"summary_large_image\" \/>\n<meta name=\"twitter:label1\" content=\"Tiempo de lectura\" \/>\n\t<meta name=\"twitter:data1\" content=\"10 minutos\" \/>\n<script type=\"application\/ld+json\" class=\"yoast-schema-graph\">{\"@context\":\"https:\/\/schema.org\",\"@graph\":[{\"@type\":\"WebPage\",\"@id\":\"https:\/\/hansa-rent.pl\/es\/alquiler\/\",\"url\":\"https:\/\/hansa-rent.pl\/es\/alquiler\/\",\"name\":\"Alquiler - Hansa Rent\",\"isPartOf\":{\"@id\":\"https:\/\/hansa-rent.pl\/es\/#website\"},\"datePublished\":\"2020-05-18T13:35:17+00:00\",\"dateModified\":\"2021-04-08T13:00:47+00:00\",\"breadcrumb\":{\"@id\":\"https:\/\/hansa-rent.pl\/es\/alquiler\/#breadcrumb\"},\"inLanguage\":\"es\",\"potentialAction\":[{\"@type\":\"ReadAction\",\"target\":[\"https:\/\/hansa-rent.pl\/es\/alquiler\/\"]}]},{\"@type\":\"BreadcrumbList\",\"@id\":\"https:\/\/hansa-rent.pl\/es\/alquiler\/#breadcrumb\",\"itemListElement\":[{\"@type\":\"ListItem\",\"position\":1,\"name\":\"Home\",\"item\":\"https:\/\/hansa-rent.pl\/\"},{\"@type\":\"ListItem\",\"position\":2,\"name\":\"Alquiler\"}]},{\"@type\":\"WebSite\",\"@id\":\"https:\/\/hansa-rent.pl\/es\/#website\",\"url\":\"https:\/\/hansa-rent.pl\/es\/\",\"name\":\"Hansa Rent\",\"description\":\"Wynajem pomp do betonu, pompogruszek, betonomieszarek\",\"potentialAction\":[{\"@type\":\"SearchAction\",\"target\":{\"@type\":\"EntryPoint\",\"urlTemplate\":\"https:\/\/hansa-rent.pl\/es\/?s={search_term_string}\"},\"query-input\":\"required name=search_term_string\"}],\"inLanguage\":\"es\"},{\"@type\":\"ImageObject\",\"inLanguage\":\"es\",\"@id\":\"https:\/\/hansa-rent.pl\/es\/alquiler\/#local-main-organization-logo\",\"url\":\"\",\"contentUrl\":\"\",\"caption\":\"Hansa Rent sp. z o.o.\"}]}<\/script>\n<!-- \/ Yoast SEO Premium plugin. -->","yoast_head_json":{"title":"Alquiler - Hansa Rent","robots":{"index":"index","follow":"follow","max-snippet":"max-snippet:-1","max-image-preview":"max-image-preview:large","max-video-preview":"max-video-preview:-1"},"canonical":"https:\/\/hansa-rent.pl\/es\/alquiler\/","og_locale":"es_ES","og_type":"article","og_title":"Alquiler","og_description":"&nbsp;&nbsp;&nbsp;&nbsp;","og_url":"https:\/\/hansa-rent.pl\/es\/alquiler\/","og_site_name":"Hansa Rent","article_modified_time":"2021-04-08T13:00:47+00:00","twitter_card":"summary_large_image","twitter_misc":{"Tiempo de lectura":"10 minutos"},"schema":{"@context":"https:\/\/schema.org","@graph":[{"@type":"WebPage","@id":"https:\/\/hansa-rent.pl\/es\/alquiler\/","url":"https:\/\/hansa-rent.pl\/es\/alquiler\/","name":"Alquiler - Hansa Rent","isPartOf":{"@id":"https:\/\/hansa-rent.pl\/es\/#website"},"datePublished":"2020-05-18T13:35:17+00:00","dateModified":"2021-04-08T13:00:47+00:00","breadcrumb":{"@id":"https:\/\/hansa-rent.pl\/es\/alquiler\/#breadcrumb"},"inLanguage":"es","potentialAction":[{"@type":"ReadAction","target":["https:\/\/hansa-rent.pl\/es\/alquiler\/"]}]},{"@type":"BreadcrumbList","@id":"https:\/\/hansa-rent.pl\/es\/alquiler\/#breadcrumb","itemListElement":[{"@type":"ListItem","position":1,"name":"Home","item":"https:\/\/hansa-rent.pl\/"},{"@type":"ListItem","position":2,"name":"Alquiler"}]},{"@type":"WebSite","@id":"https:\/\/hansa-rent.pl\/es\/#website","url":"https:\/\/hansa-rent.pl\/es\/","name":"Hansa Rent","description":"Wynajem pomp do betonu, pompogruszek, betonomieszarek","potentialAction":[{"@type":"SearchAction","target":{"@type":"EntryPoint","urlTemplate":"https:\/\/hansa-rent.pl\/es\/?s={search_term_string}"},"query-input":"required name=search_term_string"}],"inLanguage":"es"},{"@type":"ImageObject","inLanguage":"es","@id":"https:\/\/hansa-rent.pl\/es\/alquiler\/#local-main-organization-logo","url":"","contentUrl":"","caption":"Hansa Rent sp. z o.o."}]}},"_links":{"self":[{"href":"https:\/\/hansa-rent.pl\/es\/wp-json\/wp\/v2\/pages\/50330"}],"collection":[{"href":"https:\/\/hansa-rent.pl\/es\/wp-json\/wp\/v2\/pages"}],"about":[{"href":"https:\/\/hansa-rent.pl\/es\/wp-json\/wp\/v2\/types\/page"}],"author":[{"embeddable":true,"href":"https:\/\/hansa-rent.pl\/es\/wp-json\/wp\/v2\/users\/3"}],"replies":[{"embeddable":true,"href":"https:\/\/hansa-rent.pl\/es\/wp-json\/wp\/v2\/comments?post=50330"}],"version-history":[{"count":0,"href":"https:\/\/hansa-rent.pl\/es\/wp-json\/wp\/v2\/pages\/50330\/revisions"}],"wp:attachment":[{"href":"https:\/\/hansa-rent.pl\/es\/wp-json\/wp\/v2\/media?parent=50330"}],"curies":[{"name":"wp","href":"https:\/\/api.w.org\/{rel}","templated":true}]}}