{"id":50324,"date":"2020-05-18T15:23:02","date_gmt":"2020-05-18T13:23:02","guid":{"rendered":"https:\/\/test400.fabrykastron.com\/rental\/"},"modified":"2021-04-08T14:48:03","modified_gmt":"2021-04-08T12:48:03","slug":"rental","status":"publish","type":"page","link":"https:\/\/hansa-rent.pl\/en\/rental\/","title":{"rendered":"Rental"},"content":{"rendered":"<p>[et_pb_section fb_built=&#8221;1&#8243; _builder_version=&#8221;4.6.0&#8243; custom_padding=&#8221;13px||23px|||&#8221; animation_style=&#8221;slide&#8221;][et_pb_row _builder_version=&#8221;3.25&#8243; custom_padding=&#8221;0|0px|30px|0px|false|false&#8221;][et_pb_column type=&#8221;4_4&#8243; _builder_version=&#8221;3.25&#8243; custom_padding=&#8221;|||&#8221; custom_padding__hover=&#8221;|||&#8221;][et_pb_blurb title=&#8221;Brand new&#8221; content_max_width=&#8221;974px&#8221; _builder_version=&#8221;4.4.2&#8243; header_font=&#8221;|700|||||||&#8221; header_text_align=&#8221;center&#8221; header_font_size=&#8221;40px&#8221; header_line_height=&#8221;1.6em&#8221; body_font=&#8221;||||||||&#8221; body_text_align=&#8221;center&#8221; text_orientation=&#8221;center&#8221; module_alignment=&#8221;center&#8221; custom_margin=&#8221;14px||0px|||&#8221; custom_padding=&#8221;18px||0px|||&#8221; border_color_bottom=&#8221;#193661&#8243;][\/et_pb_blurb][et_pb_divider color=&#8221;#193661&#8243; divider_weight=&#8221;22px&#8221; _builder_version=&#8221;4.0.5&#8243; transform_skew=&#8221;-11deg|0deg&#8221; transform_skew_linked=&#8221;off&#8221; width=&#8221;180px&#8221; module_alignment=&#8221;center&#8221;][\/et_pb_divider][\/et_pb_column][\/et_pb_row][et_pb_row column_structure=&#8221;1_4,1_4,1_4,1_4&#8243; use_custom_gutter=&#8221;on&#8221; gutter_width=&#8221;2&#8243; _builder_version=&#8221;4.4.1&#8243; custom_margin=&#8221;2px|auto|-8px|auto||&#8221;][et_pb_column type=&#8221;1_4&#8243; _builder_version=&#8221;4.4.1&#8243;][et_pb_blurb title=&#8221;Concrete pumps&#8221; image=&#8221;https:\/\/hansa-rent.pl\/wp-content\/uploads\/2020\/03\/pompy4.jpg&#8221; _builder_version=&#8221;4.4.2&#8243; header_font=&#8221;|600||on|||||&#8221; header_text_align=&#8221;center&#8221; header_text_color=&#8221;#0060AA&#8221; header_font_size=&#8221;18px&#8221; body_font_size=&#8221;9px&#8221; background_color=&#8221;#e8e8e8&#8243; custom_padding=&#8221;||||false|false&#8221; link_option_url=&#8221;https:\/\/hansa-rent.pl\/en\/category\/new-concrete-pumps\/&#8221; border_width_all=&#8221;1px&#8221; border_color_all=&#8221;#063F6C&#8221; box_shadow_style=&#8221;preset1&#8243; box_shadow_color=&#8221;rgba(0,96,170,0.37)&#8221;]&nbsp;[\/et_pb_blurb][\/et_pb_column][et_pb_column type=&#8221;1_4&#8243; _builder_version=&#8221;4.4.1&#8243;][et_pb_blurb title=&#8221;Stationary pumps&#8221; image=&#8221;https:\/\/hansa-rent.pl\/wp-content\/uploads\/2020\/03\/pompy5.jpg&#8221; _builder_version=&#8221;4.4.2&#8243; header_font=&#8221;|600||on|||||&#8221; header_text_align=&#8221;center&#8221; header_text_color=&#8221;#0060AA&#8221; header_font_size=&#8221;18px&#8221; body_font_size=&#8221;9px&#8221; background_color=&#8221;#e8e8e8&#8243; custom_padding=&#8221;||||false|false&#8221; link_option_url=&#8221;https:\/\/hansa-rent.pl\/en\/category\/new-stationary-pumps\/&#8221; hover_enabled=&#8221;0&#8243; border_width_all=&#8221;1px&#8221; border_color_all=&#8221;#063F6C&#8221; box_shadow_style=&#8221;preset1&#8243; box_shadow_color=&#8221;rgba(0,96,170,0.37)&#8221; sticky_enabled=&#8221;0&#8243;]&nbsp;[\/et_pb_blurb][\/et_pb_column][et_pb_column type=&#8221;1_4&#8243; _builder_version=&#8221;4.4.1&#8243;][et_pb_blurb title=&#8221;Truck mixer concrete pumps&#8221; image=&#8221;https:\/\/hansa-rent.pl\/wp-content\/uploads\/2021\/04\/Fahrmisher-pumpen-Pompogruszka.jpg&#8221; _builder_version=&#8221;4.9.1&#8243; header_font=&#8221;|600||on|||||&#8221; header_text_align=&#8221;center&#8221; header_text_color=&#8221;#0060AA&#8221; header_font_size=&#8221;18px&#8221; body_font_size=&#8221;9px&#8221; background_color=&#8221;#e8e8e8&#8243; custom_padding=&#8221;||12px||false|false&#8221; link_option_url=&#8221;https:\/\/hansa-rent.pl\/en\/category\/new-truck-mixer-concrete-pumps\/&#8221; hover_enabled=&#8221;0&#8243; custom_css_blurb_title=&#8221;margin-top: -6px;&#8221; border_width_all=&#8221;1px&#8221; border_color_all=&#8221;#063F6C&#8221; box_shadow_style=&#8221;preset1&#8243; box_shadow_color=&#8221;rgba(0,96,170,0.37)&#8221; title_text=&#8221;Fahrmisher-pumpen-Pompogruszka&#8221; sticky_enabled=&#8221;0&#8243;][\/et_pb_blurb][\/et_pb_column][et_pb_column type=&#8221;1_4&#8243; _builder_version=&#8221;4.4.1&#8243;][et_pb_blurb title=&#8221;Concrete mixers&#8221; image=&#8221;https:\/\/hansa-rent.pl\/wp-content\/uploads\/2021\/04\/Betonmisher-Betonomieszarka.jpg&#8221; _builder_version=&#8221;4.9.1&#8243; header_font=&#8221;|600||on|||||&#8221; header_text_align=&#8221;center&#8221; header_text_color=&#8221;#0060AA&#8221; header_font_size=&#8221;18px&#8221; body_font_size=&#8221;9px&#8221; background_color=&#8221;#e8e8e8&#8243; custom_padding=&#8221;||22px||false|false&#8221; link_option_url=&#8221;https:\/\/hansa-rent.pl\/en\/category\/new-concrete-mixers\/&#8221; hover_enabled=&#8221;0&#8243; border_width_all=&#8221;1px&#8221; border_color_all=&#8221;#063F6C&#8221; box_shadow_style=&#8221;preset1&#8243; box_shadow_color=&#8221;rgba(0,96,170,0.37)&#8221; title_text=&#8221;Betonmisher-Betonomieszarka&#8221; sticky_enabled=&#8221;0&#8243;][\/et_pb_blurb][\/et_pb_column][\/et_pb_row][et_pb_row column_structure=&#8221;1_4,1_4,1_4,1_4&#8243; use_custom_gutter=&#8221;on&#8221; gutter_width=&#8221;2&#8243; custom_padding_last_edited=&#8221;on|phone&#8221; _builder_version=&#8221;4.5.6&#8243; custom_margin=&#8221;2px|auto|-8px|auto||&#8221; custom_margin_tablet=&#8221;&#8221; custom_margin_phone=&#8221;&#8221; custom_margin_last_edited=&#8221;on|desktop&#8221; custom_padding=&#8221;10px||||false|false&#8221; custom_padding_tablet=&#8221;&#8221; custom_padding_phone=&#8221;5px||||false|false&#8221; locked=&#8221;off&#8221;][et_pb_column type=&#8221;1_4&#8243; _builder_version=&#8221;4.4.1&#8243;][et_pb_blurb title=&#8221;Tippers&#8221; image=&#8221;https:\/\/hansa-rent.pl\/wp-content\/uploads\/2021\/04\/Kipper-wywrotka.jpg&#8221; _builder_version=&#8221;4.9.1&#8243; header_font=&#8221;|600||on|||||&#8221; header_text_align=&#8221;center&#8221; header_text_color=&#8221;#0060AA&#8221; header_font_size=&#8221;18px&#8221; body_font_size=&#8221;9px&#8221; background_color=&#8221;#e8e8e8&#8243; min_height=&#8221;255px&#8221; custom_padding=&#8221;||22px||false|false&#8221; link_option_url=&#8221;https:\/\/hansa-rent.pl\/en\/category\/tippers-new\/&#8221; hover_enabled=&#8221;0&#8243; border_width_all=&#8221;1px&#8221; border_color_all=&#8221;#063F6C&#8221; box_shadow_style=&#8221;preset1&#8243; box_shadow_color=&#8221;rgba(0,96,170,0.37)&#8221; title_text=&#8221;Kipper-wywrotka&#8221; sticky_enabled=&#8221;0&#8243;][\/et_pb_blurb][\/et_pb_column][et_pb_column type=&#8221;1_4&#8243; _builder_version=&#8221;4.4.1&#8243;][et_pb_blurb title=&#8221;Trucks with a crane&#8221; image=&#8221;https:\/\/hansa-rent.pl\/wp-content\/uploads\/2021\/04\/Fahrzeuge-mit-kran-Samochody-ciezarowe-z-dzwigiem.jpg&#8221; _builder_version=&#8221;4.9.1&#8243; header_font=&#8221;|600||on|||||&#8221; header_text_align=&#8221;center&#8221; header_text_color=&#8221;#0060AA&#8221; header_font_size=&#8221;18px&#8221; body_font_size=&#8221;9px&#8221; background_color=&#8221;#e8e8e8&#8243; min_height=&#8221;255px&#8221; custom_padding=&#8221;||4px||false|false&#8221; custom_padding_tablet=&#8221;||12px||false|false&#8221; custom_padding_phone=&#8221;||16px||false|false&#8221; custom_padding_last_edited=&#8221;on|tablet&#8221; link_option_url=&#8221;https:\/\/hansa-rent.pl\/en\/category\/trucks-with-a-crane-new\/&#8221; hover_enabled=&#8221;0&#8243; border_width_all=&#8221;1px&#8221; border_color_all=&#8221;#063F6C&#8221; box_shadow_style=&#8221;preset1&#8243; box_shadow_color=&#8221;rgba(0,96,170,0.37)&#8221; title_text=&#8221;Fahrzeuge-mit-kran,-Samochody-ci\u0119\u017carowe-z-d\u017awigiem&#8221; sticky_enabled=&#8221;0&#8243;][\/et_pb_blurb][\/et_pb_column][et_pb_column type=&#8221;1_4&#8243; _builder_version=&#8221;4.4.1&#8243;][et_pb_blurb title=&#8221;Semi-trailers&#8221; image=&#8221;https:\/\/hansa-rent.pl\/wp-content\/uploads\/2020\/09\/naczepa.jpg&#8221; _builder_version=&#8221;4.6.0&#8243; header_font=&#8221;|600||on|||||&#8221; header_text_align=&#8221;center&#8221; header_text_color=&#8221;#0060AA&#8221; header_font_size=&#8221;18px&#8221; body_font_size=&#8221;9px&#8221; background_color=&#8221;#e8e8e8&#8243; min_height=&#8221;255px&#8221; custom_padding=&#8221;||22px||false|false&#8221; link_option_url=&#8221;https:\/\/hansa-rent.pl\/en\/category\/semi-trailers-new\/&#8221; border_width_all=&#8221;1px&#8221; border_color_all=&#8221;#063F6C&#8221; box_shadow_style=&#8221;preset1&#8243; box_shadow_color=&#8221;rgba(0,96,170,0.37)&#8221; locked=&#8221;off&#8221;][\/et_pb_blurb][\/et_pb_column][et_pb_column type=&#8221;1_4&#8243; _builder_version=&#8221;4.4.1&#8243;][et_pb_blurb title=&#8221;Other trucks&#8221; image=&#8221;https:\/\/hansa-rent.pl\/wp-content\/uploads\/2020\/08\/BST-Placing-booms-2-1.jpg&#8221; _builder_version=&#8221;4.6.0&#8243; header_font=&#8221;|600||on|||||&#8221; header_text_align=&#8221;center&#8221; header_text_color=&#8221;#0060AA&#8221; header_font_size=&#8221;18px&#8221; body_font_size=&#8221;9px&#8221; background_color=&#8221;#e8e8e8&#8243; min_height=&#8221;255px&#8221; custom_padding=&#8221;||22px||false|false&#8221; link_option_url=&#8221;https:\/\/hansa-rent.pl\/en\/category\/other-trucks-new\/&#8221; border_width_all=&#8221;1px&#8221; border_color_all=&#8221;#063F6C&#8221; box_shadow_style=&#8221;preset1&#8243; box_shadow_color=&#8221;rgba(0,96,170,0.37)&#8221;][\/et_pb_blurb][\/et_pb_column][\/et_pb_row][\/et_pb_section][et_pb_section fb_built=&#8221;1&#8243; _builder_version=&#8221;4.6.0&#8243; custom_padding=&#8221;13px|||||&#8221; animation_style=&#8221;slide&#8221;][et_pb_row _builder_version=&#8221;3.25&#8243; custom_padding=&#8221;0|0px|30px|0px|false|false&#8221;][et_pb_column type=&#8221;4_4&#8243; _builder_version=&#8221;3.25&#8243; custom_padding=&#8221;|||&#8221; custom_padding__hover=&#8221;|||&#8221;][et_pb_blurb title=&#8221;Used&#8221; content_max_width=&#8221;974px&#8221; _builder_version=&#8221;4.4.2&#8243; header_font=&#8221;|700|||||||&#8221; header_text_align=&#8221;center&#8221; header_font_size=&#8221;40px&#8221; header_line_height=&#8221;1.6em&#8221; body_font=&#8221;||||||||&#8221; body_text_align=&#8221;center&#8221; text_orientation=&#8221;center&#8221; module_alignment=&#8221;center&#8221; custom_margin=&#8221;1px||0px|||&#8221; custom_padding=&#8221;5px||0px||false|false&#8221; border_color_bottom=&#8221;#193661&#8243;][\/et_pb_blurb][et_pb_divider color=&#8221;#193661&#8243; divider_weight=&#8221;22px&#8221; _builder_version=&#8221;4.0.5&#8243; transform_skew=&#8221;-11deg|0deg&#8221; transform_skew_linked=&#8221;off&#8221; width=&#8221;180px&#8221; module_alignment=&#8221;center&#8221;][\/et_pb_divider][\/et_pb_column][\/et_pb_row][et_pb_row column_structure=&#8221;1_4,1_4,1_4,1_4&#8243; use_custom_gutter=&#8221;on&#8221; gutter_width=&#8221;2&#8243; _builder_version=&#8221;4.4.1&#8243; custom_margin=&#8221;2px|auto||auto||&#8221;][et_pb_column type=&#8221;1_4&#8243; _builder_version=&#8221;4.4.1&#8243;][et_pb_blurb title=&#8221;Concrete pumps&#8221; image=&#8221;https:\/\/hansa-rent.pl\/wp-content\/uploads\/2020\/03\/pompy4.jpg&#8221; _builder_version=&#8221;4.4.2&#8243; header_font=&#8221;|600||on|||||&#8221; header_text_align=&#8221;center&#8221; header_text_color=&#8221;#0060AA&#8221; header_font_size=&#8221;18px&#8221; body_font_size=&#8221;9px&#8221; background_color=&#8221;#e8e8e8&#8243; custom_padding=&#8221;||||false|false&#8221; link_option_url=&#8221;\/en\/?product_cat=pompy-do-betonu-nowe-uzywane&#8221; border_width_all=&#8221;1px&#8221; border_color_all=&#8221;#063F6C&#8221; box_shadow_style=&#8221;preset1&#8243; box_shadow_color=&#8221;rgba(0,96,170,0.37)&#8221;]&nbsp;[\/et_pb_blurb][\/et_pb_column][et_pb_column type=&#8221;1_4&#8243; _builder_version=&#8221;4.4.1&#8243;][et_pb_blurb title=&#8221;Stationary pumps&#8221; image=&#8221;https:\/\/hansa-rent.pl\/wp-content\/uploads\/2020\/03\/pompy5.jpg&#8221; _builder_version=&#8221;4.4.2&#8243; header_font=&#8221;|600||on|||||&#8221; header_text_align=&#8221;center&#8221; header_text_color=&#8221;#0060AA&#8221; header_font_size=&#8221;18px&#8221; body_font_size=&#8221;9px&#8221; background_color=&#8221;#e8e8e8&#8243; custom_padding=&#8221;||||false|false&#8221; link_option_url=&#8221;\/en\/?product_cat=pompy-stacjonarne-uzywane&#8221; border_width_all=&#8221;1px&#8221; border_color_all=&#8221;#063F6C&#8221; box_shadow_style=&#8221;preset1&#8243; box_shadow_color=&#8221;rgba(0,96,170,0.37)&#8221;]&nbsp;[\/et_pb_blurb][\/et_pb_column][et_pb_column type=&#8221;1_4&#8243; _builder_version=&#8221;4.4.1&#8243;][et_pb_blurb title=&#8221;Truck mixer concrete pumps&#8221; image=&#8221;https:\/\/hansa-rent.pl\/wp-content\/uploads\/2021\/04\/Fahrmisher-pumpen-Pompogruszka.jpg&#8221; _builder_version=&#8221;4.9.1&#8243; header_font=&#8221;|600||on|||||&#8221; header_text_align=&#8221;center&#8221; header_text_color=&#8221;#0060AA&#8221; header_font_size=&#8221;18px&#8221; body_font_size=&#8221;9px&#8221; background_color=&#8221;#e8e8e8&#8243; custom_padding=&#8221;||12px||false|false&#8221; link_option_url=&#8221;\/en\/?product_cat=pompogruszki-uzywane&#8221; hover_enabled=&#8221;0&#8243; custom_css_blurb_title=&#8221;margin-top: -6px;&#8221; border_width_all=&#8221;1px&#8221; border_color_all=&#8221;#063F6C&#8221; box_shadow_style=&#8221;preset1&#8243; box_shadow_color=&#8221;rgba(0,96,170,0.37)&#8221; title_text=&#8221;Fahrmisher-pumpen-Pompogruszka&#8221; sticky_enabled=&#8221;0&#8243;][\/et_pb_blurb][\/et_pb_column][et_pb_column type=&#8221;1_4&#8243; _builder_version=&#8221;4.4.1&#8243;][et_pb_blurb title=&#8221;Concrete mixers&#8221; image=&#8221;https:\/\/hansa-rent.pl\/wp-content\/uploads\/2021\/04\/Betonmisher-Betonomieszarka.jpg&#8221; _builder_version=&#8221;4.9.1&#8243; header_font=&#8221;|600||on|||||&#8221; header_text_align=&#8221;center&#8221; header_text_color=&#8221;#0060AA&#8221; header_font_size=&#8221;18px&#8221; body_font_size=&#8221;9px&#8221; background_color=&#8221;#e8e8e8&#8243; custom_padding=&#8221;||22px||false|false&#8221; link_option_url=&#8221;\/en\/?product_cat=betonomieszarki-uzywane&#8221; hover_enabled=&#8221;0&#8243; border_width_all=&#8221;1px&#8221; border_color_all=&#8221;#063F6C&#8221; box_shadow_style=&#8221;preset1&#8243; box_shadow_color=&#8221;rgba(0,96,170,0.37)&#8221; title_text=&#8221;Betonmisher-Betonomieszarka&#8221; sticky_enabled=&#8221;0&#8243;][\/et_pb_blurb][\/et_pb_column][\/et_pb_row][et_pb_row column_structure=&#8221;1_4,1_4,1_4,1_4&#8243; use_custom_gutter=&#8221;on&#8221; gutter_width=&#8221;2&#8243; _builder_version=&#8221;4.5.6&#8243; custom_margin=&#8221;2px|auto|-8px|auto||&#8221; custom_padding=&#8221;0px||||false|false&#8221; locked=&#8221;off&#8221;][et_pb_column type=&#8221;1_4&#8243; _builder_version=&#8221;4.4.1&#8243;][et_pb_blurb title=&#8221;Tippers&#8221; image=&#8221;https:\/\/hansa-rent.pl\/wp-content\/uploads\/2021\/04\/Kipper-wywrotka.jpg&#8221; _builder_version=&#8221;4.9.1&#8243; header_font=&#8221;|600||on|||||&#8221; header_text_align=&#8221;center&#8221; header_text_color=&#8221;#0060AA&#8221; header_font_size=&#8221;18px&#8221; body_font_size=&#8221;9px&#8221; background_color=&#8221;#e8e8e8&#8243; min_height=&#8221;255px&#8221; custom_padding=&#8221;||22px||false|false&#8221; link_option_url=&#8221;https:\/\/hansa-rent.pl\/en\/category\/tippers-used\/&#8221; hover_enabled=&#8221;0&#8243; border_width_all=&#8221;1px&#8221; border_color_all=&#8221;#063F6C&#8221; box_shadow_style=&#8221;preset1&#8243; box_shadow_color=&#8221;rgba(0,96,170,0.37)&#8221; title_text=&#8221;Kipper-wywrotka&#8221; sticky_enabled=&#8221;0&#8243;][\/et_pb_blurb][\/et_pb_column][et_pb_column type=&#8221;1_4&#8243; _builder_version=&#8221;4.4.1&#8243;][et_pb_blurb title=&#8221;Trucks with a crane&#8221; image=&#8221;https:\/\/hansa-rent.pl\/wp-content\/uploads\/2021\/04\/Fahrzeuge-mit-kran-Samochody-ciezarowe-z-dzwigiem.jpg&#8221; _builder_version=&#8221;4.9.1&#8243; header_font=&#8221;|600||on|||||&#8221; header_text_align=&#8221;center&#8221; header_text_color=&#8221;#0060AA&#8221; header_font_size=&#8221;18px&#8221; body_font_size=&#8221;9px&#8221; background_color=&#8221;#e8e8e8&#8243; min_height=&#8221;255px&#8221; custom_padding=&#8221;||4px||false|false&#8221; custom_padding_tablet=&#8221;||12px||false|false&#8221; custom_padding_phone=&#8221;||16px||false|false&#8221; custom_padding_last_edited=&#8221;on|tablet&#8221; link_option_url=&#8221;https:\/\/hansa-rent.pl\/en\/category\/trucks-with-a-crane-used\/&#8221; hover_enabled=&#8221;0&#8243; border_width_all=&#8221;1px&#8221; border_color_all=&#8221;#063F6C&#8221; box_shadow_style=&#8221;preset1&#8243; box_shadow_color=&#8221;rgba(0,96,170,0.37)&#8221; title_text=&#8221;Fahrzeuge-mit-kran,-Samochody-ci\u0119\u017carowe-z-d\u017awigiem&#8221; sticky_enabled=&#8221;0&#8243;][\/et_pb_blurb][\/et_pb_column][et_pb_column type=&#8221;1_4&#8243; _builder_version=&#8221;4.4.1&#8243;][et_pb_blurb title=&#8221;Semi-trailers&#8221; image=&#8221;https:\/\/hansa-rent.pl\/wp-content\/uploads\/2020\/09\/naczepa.jpg&#8221; _builder_version=&#8221;4.6.0&#8243; header_font=&#8221;|600||on|||||&#8221; header_text_align=&#8221;center&#8221; header_text_color=&#8221;#0060AA&#8221; header_font_size=&#8221;18px&#8221; body_font_size=&#8221;9px&#8221; background_color=&#8221;#e8e8e8&#8243; min_height=&#8221;255px&#8221; custom_padding=&#8221;||22px||false|false&#8221; link_option_url=&#8221;https:\/\/hansa-rent.pl\/en\/category\/semi-trailers-used\/&#8221; border_width_all=&#8221;1px&#8221; border_color_all=&#8221;#063F6C&#8221; box_shadow_style=&#8221;preset1&#8243; box_shadow_color=&#8221;rgba(0,96,170,0.37)&#8221; locked=&#8221;off&#8221;][\/et_pb_blurb][\/et_pb_column][et_pb_column type=&#8221;1_4&#8243; _builder_version=&#8221;4.4.1&#8243;][et_pb_blurb title=&#8221;Other trucks&#8221; image=&#8221;https:\/\/hansa-rent.pl\/wp-content\/uploads\/2020\/08\/BST-Placing-booms-2-1.jpg&#8221; _builder_version=&#8221;4.6.0&#8243; header_font=&#8221;|600||on|||||&#8221; header_text_align=&#8221;center&#8221; header_text_color=&#8221;#0060AA&#8221; header_font_size=&#8221;18px&#8221; body_font_size=&#8221;9px&#8221; background_color=&#8221;#e8e8e8&#8243; min_height=&#8221;255px&#8221; custom_padding=&#8221;||22px||false|false&#8221; link_option_url=&#8221;https:\/\/hansa-rent.pl\/en\/category\/other-trucks-used\/&#8221; border_width_all=&#8221;1px&#8221; border_color_all=&#8221;#063F6C&#8221; box_shadow_style=&#8221;preset1&#8243; box_shadow_color=&#8221;rgba(0,96,170,0.37)&#8221;][\/et_pb_blurb][\/et_pb_column][\/et_pb_row][\/et_pb_section][et_pb_section fb_built=&#8221;1&#8243; _builder_version=&#8221;4.6.0&#8243; background_enable_color=&#8221;off&#8221; use_background_color_gradient=&#8221;on&#8221; background_color_gradient_start=&#8221;#f2f2f2&#8243; background_color_gradient_end=&#8221;#afafaf&#8221; background_color_gradient_type=&#8221;radial&#8221; custom_padding=&#8221;21px|0px|21px|0px|true|false&#8221; animation_style=&#8221;slide&#8221;][et_pb_row _builder_version=&#8221;4.4.7&#8243; custom_margin_tablet=&#8221;&#8221; custom_margin_phone=&#8221;0px||||false|false&#8221; custom_margin_last_edited=&#8221;on|phone&#8221; locked=&#8221;off&#8221;][et_pb_column type=&#8221;4_4&#8243; _builder_version=&#8221;3.25&#8243; custom_padding=&#8221;|||&#8221; custom_padding__hover=&#8221;|||&#8221;][et_pb_blurb title=&#8221;Recommended machinery&#8221; content_max_width=&#8221;974px&#8221; _builder_version=&#8221;4.4.7&#8243; header_font=&#8221;|700|||||||&#8221; header_text_align=&#8221;center&#8221; header_font_size=&#8221;40px&#8221; header_line_height=&#8221;1.6em&#8221; body_font=&#8221;||||||||&#8221; body_text_align=&#8221;center&#8221; text_orientation=&#8221;center&#8221; module_alignment=&#8221;center&#8221; custom_margin=&#8221;0px||0px&#8221; custom_padding=&#8221;0px||0px&#8221; header_font_size_tablet=&#8221;&#8221; header_font_size_phone=&#8221;33px&#8221; header_font_size_last_edited=&#8221;on|phone&#8221; border_color_bottom=&#8221;#193661&#8243;][\/et_pb_blurb][et_pb_divider color=&#8221;#193661&#8243; divider_weight=&#8221;22px&#8221; _builder_version=&#8221;4.0.5&#8243; transform_skew=&#8221;-11deg|0deg&#8221; transform_skew_linked=&#8221;off&#8221; width=&#8221;180px&#8221; module_alignment=&#8221;center&#8221;][\/et_pb_divider][\/et_pb_column][\/et_pb_row][et_pb_row _builder_version=&#8221;3.25&#8243; custom_margin=&#8221;|||&#8221;][et_pb_column type=&#8221;4_4&#8243; _builder_version=&#8221;3.25&#8243; custom_padding=&#8221;|||&#8221; custom_padding__hover=&#8221;|||&#8221;][et_pb_shop type=&#8221;featured&#8221; posts_number=&#8221;4&#8243; columns_number=&#8221;4&#8243; orderby=&#8221;menu_order&#8221; icon_hover_color=&#8221;#ffffff&#8221; hover_overlay_color=&#8221;rgba(25,54,97,0.39)&#8221; hover_icon=&#8221;%%176%%&#8221; _builder_version=&#8221;4.0.5&#8243; custom_margin=&#8221;|||&#8221; custom_padding=&#8221;|||22px&#8221;][\/et_pb_shop][\/et_pb_column][\/et_pb_row][\/et_pb_section]<\/p>\n","protected":false},"excerpt":{"rendered":"<p>&nbsp;&nbsp;&nbsp;&nbsp;<\/p>\n","protected":false},"author":3,"featured_media":0,"parent":0,"menu_order":0,"comment_status":"closed","ping_status":"closed","template":"","meta":{"_et_pb_use_builder":"on","_et_pb_old_content":"","_et_gb_content_width":""},"yoast_head":"<!-- This site is optimized with the Yoast SEO Premium plugin v20.1 (Yoast SEO v20.9) - https:\/\/yoast.com\/wordpress\/plugins\/seo\/ -->\n<title>Rental - Hansa Rent<\/title>\n<meta name=\"robots\" content=\"index, follow, max-snippet:-1, max-image-preview:large, max-video-preview:-1\" \/>\n<link rel=\"canonical\" href=\"https:\/\/hansa-rent.pl\/en\/rental\/\" \/>\n<meta property=\"og:locale\" content=\"en_US\" \/>\n<meta property=\"og:type\" content=\"article\" \/>\n<meta property=\"og:title\" content=\"Rental\" \/>\n<meta property=\"og:description\" content=\"&nbsp;&nbsp;&nbsp;&nbsp;\" \/>\n<meta property=\"og:url\" content=\"https:\/\/hansa-rent.pl\/en\/rental\/\" \/>\n<meta property=\"og:site_name\" content=\"Hansa Rent\" \/>\n<meta property=\"article:modified_time\" content=\"2021-04-08T12:48:03+00:00\" \/>\n<meta name=\"twitter:card\" content=\"summary_large_image\" \/>\n<meta name=\"twitter:label1\" content=\"Est. reading time\" \/>\n\t<meta name=\"twitter:data1\" content=\"10 minutes\" \/>\n<script type=\"application\/ld+json\" class=\"yoast-schema-graph\">{\"@context\":\"https:\/\/schema.org\",\"@graph\":[{\"@type\":\"WebPage\",\"@id\":\"https:\/\/hansa-rent.pl\/en\/rental\/\",\"url\":\"https:\/\/hansa-rent.pl\/en\/rental\/\",\"name\":\"Rental - Hansa Rent\",\"isPartOf\":{\"@id\":\"https:\/\/hansa-rent.pl\/es\/#website\"},\"datePublished\":\"2020-05-18T13:23:02+00:00\",\"dateModified\":\"2021-04-08T12:48:03+00:00\",\"breadcrumb\":{\"@id\":\"https:\/\/hansa-rent.pl\/en\/rental\/#breadcrumb\"},\"inLanguage\":\"en-US\",\"potentialAction\":[{\"@type\":\"ReadAction\",\"target\":[\"https:\/\/hansa-rent.pl\/en\/rental\/\"]}]},{\"@type\":\"BreadcrumbList\",\"@id\":\"https:\/\/hansa-rent.pl\/en\/rental\/#breadcrumb\",\"itemListElement\":[{\"@type\":\"ListItem\",\"position\":1,\"name\":\"Home\",\"item\":\"https:\/\/hansa-rent.pl\/\"},{\"@type\":\"ListItem\",\"position\":2,\"name\":\"Rental\"}]},{\"@type\":\"WebSite\",\"@id\":\"https:\/\/hansa-rent.pl\/es\/#website\",\"url\":\"https:\/\/hansa-rent.pl\/es\/\",\"name\":\"Hansa Rent\",\"description\":\"Wynajem pomp do betonu, pompogruszek, betonomieszarek\",\"potentialAction\":[{\"@type\":\"SearchAction\",\"target\":{\"@type\":\"EntryPoint\",\"urlTemplate\":\"https:\/\/hansa-rent.pl\/es\/?s={search_term_string}\"},\"query-input\":\"required name=search_term_string\"}],\"inLanguage\":\"en-US\"},{\"@type\":\"ImageObject\",\"inLanguage\":\"en-US\",\"@id\":\"https:\/\/hansa-rent.pl\/en\/rental\/#local-main-organization-logo\",\"url\":\"\",\"contentUrl\":\"\",\"caption\":\"Hansa Rent sp. z o.o.\"}]}<\/script>\n<!-- \/ Yoast SEO Premium plugin. -->","yoast_head_json":{"title":"Rental - Hansa Rent","robots":{"index":"index","follow":"follow","max-snippet":"max-snippet:-1","max-image-preview":"max-image-preview:large","max-video-preview":"max-video-preview:-1"},"canonical":"https:\/\/hansa-rent.pl\/en\/rental\/","og_locale":"en_US","og_type":"article","og_title":"Rental","og_description":"&nbsp;&nbsp;&nbsp;&nbsp;","og_url":"https:\/\/hansa-rent.pl\/en\/rental\/","og_site_name":"Hansa Rent","article_modified_time":"2021-04-08T12:48:03+00:00","twitter_card":"summary_large_image","twitter_misc":{"Est. reading time":"10 minutes"},"schema":{"@context":"https:\/\/schema.org","@graph":[{"@type":"WebPage","@id":"https:\/\/hansa-rent.pl\/en\/rental\/","url":"https:\/\/hansa-rent.pl\/en\/rental\/","name":"Rental - Hansa Rent","isPartOf":{"@id":"https:\/\/hansa-rent.pl\/es\/#website"},"datePublished":"2020-05-18T13:23:02+00:00","dateModified":"2021-04-08T12:48:03+00:00","breadcrumb":{"@id":"https:\/\/hansa-rent.pl\/en\/rental\/#breadcrumb"},"inLanguage":"en-US","potentialAction":[{"@type":"ReadAction","target":["https:\/\/hansa-rent.pl\/en\/rental\/"]}]},{"@type":"BreadcrumbList","@id":"https:\/\/hansa-rent.pl\/en\/rental\/#breadcrumb","itemListElement":[{"@type":"ListItem","position":1,"name":"Home","item":"https:\/\/hansa-rent.pl\/"},{"@type":"ListItem","position":2,"name":"Rental"}]},{"@type":"WebSite","@id":"https:\/\/hansa-rent.pl\/es\/#website","url":"https:\/\/hansa-rent.pl\/es\/","name":"Hansa Rent","description":"Wynajem pomp do betonu, pompogruszek, betonomieszarek","potentialAction":[{"@type":"SearchAction","target":{"@type":"EntryPoint","urlTemplate":"https:\/\/hansa-rent.pl\/es\/?s={search_term_string}"},"query-input":"required name=search_term_string"}],"inLanguage":"en-US"},{"@type":"ImageObject","inLanguage":"en-US","@id":"https:\/\/hansa-rent.pl\/en\/rental\/#local-main-organization-logo","url":"","contentUrl":"","caption":"Hansa Rent sp. z o.o."}]}},"_links":{"self":[{"href":"https:\/\/hansa-rent.pl\/en\/wp-json\/wp\/v2\/pages\/50324"}],"collection":[{"href":"https:\/\/hansa-rent.pl\/en\/wp-json\/wp\/v2\/pages"}],"about":[{"href":"https:\/\/hansa-rent.pl\/en\/wp-json\/wp\/v2\/types\/page"}],"author":[{"embeddable":true,"href":"https:\/\/hansa-rent.pl\/en\/wp-json\/wp\/v2\/users\/3"}],"replies":[{"embeddable":true,"href":"https:\/\/hansa-rent.pl\/en\/wp-json\/wp\/v2\/comments?post=50324"}],"version-history":[{"count":0,"href":"https:\/\/hansa-rent.pl\/en\/wp-json\/wp\/v2\/pages\/50324\/revisions"}],"wp:attachment":[{"href":"https:\/\/hansa-rent.pl\/en\/wp-json\/wp\/v2\/media?parent=50324"}],"curies":[{"name":"wp","href":"https:\/\/api.w.org\/{rel}","templated":true}]}}